{"id":2971,"date":"2021-05-13T14:45:12","date_gmt":"2021-05-13T12:45:12","guid":{"rendered":"https:\/\/hertzrecording.com\/polityka-prywatnosci\/"},"modified":"2026-01-20T22:00:14","modified_gmt":"2026-01-20T20:00:14","slug":"polityka-prywatnosci","status":"publish","type":"page","link":"https:\/\/hertzrecording.com\/pl\/polityka-prywatnosci\/","title":{"rendered":"Polityka Prywatno\u015bci"},"content":{"rendered":"<div class=\"wpb-content-wrapper\">[vc_row][vc_column][vc_column_text css=&#8221;&#8221;]<strong>POLITYKA PRYWATNO\u015a\u0106I SKLEPU INTERNETOWEGO<\/strong>\r\n\r\n<strong>\u00a0<\/strong>\r\n\r\n<strong>Ostatnia aktualizacja: 2026-01-20<\/strong>\r\n\r\n&nbsp;\r\n<ol>\r\n \t<li><strong>ADMINISTRATOR DANYCH<\/strong><\/li>\r\n<\/ol>\r\nStrona internetowa dzia\u0142aj\u0105ca pod adresem <a href=\"https:\/\/hertzrecording.com\/pl\/\">https:\/\/hertzrecording.com\/<\/a> jest prowadzona przez WIES\u0141AWSKI STUDIO S\u0141AWOMIR WIES\u0141AWSKI z siedzib\u0105 ul. ANDRZEJA STRUGA 9, 15-198 BIA\u0141YSTOK, wpisan\u0105 do Rejestru Przedsi\u0119biorc\u00f3w Krajowego Rejestru S\u0105dowego prowadzonego przez S\u0105d Rejonowy w Bia\u0142ymstoku pod nr KRS:\r\n-, NIP: 5451506187, REGON: 541781470.\r\n\r\n&nbsp;\r\n<ol>\r\n \t<li><strong>KONTAKT Z ADMINISTRATOREM<\/strong><\/li>\r\n<\/ol>\r\nZ Administratorem mog\u0105 si\u0119 Pa\u0144stwo skontaktowa\u0107:\r\n\r\n2.1. za pomoc\u0105 poczty tradycyjnej pod adresem WIES\u0141AWSKI STUDIO\r\nul. ANDRZEJA STRUGA 9, 15-198\u00a0BIA\u0141YSTOK;\r\n\r\n2.2. za pomoc\u0105 poczty elektronicznej pod adresem <a href=\"mailto:kontakt@wieslawski.studio\">kontakt@wieslawski.studio<\/a>;\r\n\r\n2.3. za pomoc\u0105 po\u0142\u0105czenia telefonicznego pod numerem: +48 607 606 370 ;\r\n\r\n&nbsp;\r\n<ul>\r\n \t<li><strong>RODZAJE ZBIERANYCH DANYCH<\/strong><\/li>\r\n<\/ul>\r\n<strong>\u00a0<\/strong>\r\n<ol>\r\n \t<li><strong> Dane osobowe<\/strong><\/li>\r\n<\/ol>\r\nPodczas korzystania z naszego Sklepu mo\u017cemy zbiera\u0107 nast\u0119puj\u0105ce dane osobowe:\r\n<ul>\r\n \t<li>Imi\u0119 i nazwisko<\/li>\r\n \t<li>Adres e-mail<\/li>\r\n \t<li>Numer telefonu<\/li>\r\n \t<li>Adres dostawy<\/li>\r\n \t<li>Dane p\u0142atnicze (np. numer karty kredytowej)<\/li>\r\n<\/ul>\r\n<strong>\u00a0<\/strong>\r\n<ol start=\"2\">\r\n \t<li><strong> Dane automatycznie zbierane<\/strong><\/li>\r\n<\/ol>\r\nPodczas Twojej wizyty na naszej stronie internetowej automatycznie zbieramy pewne informacje, takie jak:\r\n<ul>\r\n \t<li>Adres IP<\/li>\r\n \t<li>Przegl\u0105darka internetowa<\/li>\r\n \t<li>System operacyjny<\/li>\r\n \t<li>Data i godzina wizyty<\/li>\r\n \t<li>Strony, kt\u00f3re odwiedzasz.<\/li>\r\n<\/ul>\r\n&nbsp;\r\n<ol>\r\n \t<li><strong>CELE PRZETWARZANIA DANYCH <\/strong><\/li>\r\n \t<li>Dane osobowe b\u0119d\u0105 przetwarzane nast\u0119puj\u0105cych celach:\r\n<ul>\r\n \t<li>w zwi\u0105zku z zawarciem i realizacj\u0105 umowy na podstawie art. 6 ust. 1 lit. b RODO \u2013 przetwarzanie jest niezb\u0119dne do wykonania umowy, kt\u00f3rej stron\u0105 jest osoba, kt\u00f3rej dane dotycz\u0105, lub do podj\u0119cia dzia\u0142a\u0144 na \u017c\u0105danie osoby, kt\u00f3rej dane dotycz\u0105, przed zawarciem umowy oraz w celach rachunkowych (Art. 6 ust 1 lit c RODO);<\/li>\r\n \t<li>w zwi\u0105zku z dochodzeniem\/obron\u0105 roszcze\u0144, na podstawie art. 6 ust. 1 lit. f RODO &#8211; przetwarzanie jest niezb\u0119dne do cel\u00f3w wynikaj\u0105cych z prawnie uzasadnionych interes\u00f3w realizowanych przez administratora lub przez stron\u0119 trzeci\u0105, z wyj\u0105tkiem sytuacji, w kt\u00f3rych nadrz\u0119dny charakter wobec tych interes\u00f3w maj\u0105 interesy lub podstawowe prawa i wolno\u015bci osoby, kt\u00f3rej dane dotycz\u0105, wymagaj\u0105ce ochrony danych osobowych, w szczeg\u00f3lno\u015bci, gdy osoba, kt\u00f3rej dane dotycz\u0105, jest dzieckiem;<\/li>\r\n \t<li>w zwi\u0105zku z udzielaniem odpowiedzi na pytania przekazane przez formularz kontaktowy, wiadomo\u015b\u0107 email, na podstawie art. 6 ust 1 lit f RODO \u2013 dane b\u0119d\u0105 przetwarzane w oparciu o prawnie uzasadniony interes administratora poprzez kontakt z u\u017cytkownikami Sklepu internetowego;<\/li>\r\n \t<li>w zwi\u0105zku z dostarczaniem newslettera w\u00a0tym informacji marketingowych m.in. o us\u0142ugach, produktach, promocjach na podstawie art. 6 ust. 1 lit. a RODO \u2013 osoba, kt\u00f3rej dane dotycz\u0105 wyrazi\u0142a zgod\u0119 na przetwarzanie swoich danych osobowych;<\/li>\r\n \t<li>w zwi\u0105zku z zarz\u0105dzaniem stron\u0105, grupami na portalach spo\u0142eczno\u015bciowych (m.in. Facebook, Instagram) w celu zapewnienia kontaktu oraz w celach informacyjnych zgodnie z art. 6 ust. 1 lit. f RODO.<\/li>\r\n \t<li>w zwi\u0105zku z \u015bwiadczeniem us\u0142ug drog\u0105 elektroniczn\u0105, korzystania ze strony sklepu internetowego oraz w celach marketingowych (art. 6 ust 1 lit. f RODO).<\/li>\r\n<\/ul>\r\n<\/li>\r\n<\/ol>\r\n&nbsp;\r\n<ol>\r\n \t<li><strong>ODBIORCY DANYCH<\/strong><\/li>\r\n \t<li>Odbiorcami Pa\u0144stwa danych osobowych mog\u0105 podmioty zewn\u0119trzne z kt\u00f3rymi wsp\u00f3\u0142pracuje Administrator tj.:\r\n<ul>\r\n \t<li>banki,<\/li>\r\n \t<li>dostawcy us\u0142ug obs\u0142uguj\u0105cych p\u0142atno\u015bci w sklepie internetowym,<\/li>\r\n \t<li>firmy ubezpieczeniowe,<\/li>\r\n \t<li>dostawcy us\u0142ug pocztowych i kurierskich,<\/li>\r\n \t<li>dostawcy us\u0142ug informatycznych administratora,<\/li>\r\n \t<li>firmy, kt\u00f3re dostarczaj\u0105 narz\u0119dzia do analizy aktywno\u015bci na stronie naszego sklepu internetowego https:\/\/hertzrecording.com\/,<\/li>\r\n \t<li>obs\u0142uga prawna,<\/li>\r\n \t<li>inne podmioty uprawnione na\u00a0podstawie przepis\u00f3w prawa lub um\u00f3w powierzenia.<\/li>\r\n<\/ul>\r\n<\/li>\r\n<\/ol>\r\n&nbsp;\r\n<ol>\r\n \t<li><strong>OKRES PRZETWARZANIA DANYCH<\/strong><\/li>\r\n \t<li>Pani\/Pana dane osobowe b\u0119d\u0105 przetwarzane przez okres nie d\u0142u\u017cszy ni\u017c niezb\u0119dny do wykonania umowy oraz okres wynikaj\u0105cy z przepis\u00f3w prawa dotycz\u0105cych m.in. up\u0142ywu terminu dochodzenia ewentualnych roszcze\u0144, wynikaj\u0105cych z zawartej umowy i realizacj\u0105 obowi\u0105zku archiwizacji.<\/li>\r\n \t<li>W przypadku udzielonej zgody do czasu jej wycofania.<\/li>\r\n<\/ol>\r\n&nbsp;\r\n<ul>\r\n \t<li><strong>PRAWA OSOBY KT\u00d3REJ DANE DOTYCZ\u0104<\/strong><\/li>\r\n<\/ul>\r\n<ol>\r\n \t<li>Ma Pani\/Pan prawo do \u017c\u0105dania od Administratora:<\/li>\r\n<\/ol>\r\n1.2. dost\u0119pu do swoich danych osobowych;\r\n\r\n1.3. sprostowania swoich danych osobowych;\r\n\r\n1.4. \u017c\u0105dania usuni\u0119cia lub ograniczenia przetwarzania;\r\n\r\n1.5. prawo do wniesienia sprzeciwu wobec przetwarzania;\r\n\r\n1.6. prawo do \u017c\u0105dania przenoszenia danych.\r\n<ol start=\"2\">\r\n \t<li>Gdy uzna Pani\/Pan, \u017ce przetwarzanie danych osobowych narusza powszechnie obowi\u0105zuj\u0105ce przepisy w tym zakresie, przys\u0142uguje Pani\/Panu prawo do wniesienia skargi do organu nadzorczego \u2013 Prezesa Urz\u0119du Ochrony Danych Osobowych.<\/li>\r\n<\/ol>\r\n&nbsp;\r\n<ul>\r\n \t<li><strong>DOBROWOLNO\u015a\u0106 PODANIA DANYCH<\/strong><\/li>\r\n<\/ul>\r\n<ol>\r\n \t<li>Podanie danych osobowych jest dobrowolne, ale i konieczne do zawarcia, realizacji i\u00a0rozliczenia umowy oraz niezb\u0119dne do komunikacji.<\/li>\r\n<\/ol>\r\n&nbsp;\r\n<ol>\r\n \t<li><strong>PROFILOWANIE <\/strong><\/li>\r\n \t<li>Aby dostosowa\u0107 reklamy do Pani\/Pana preferencji i wysy\u0142a\u0107 bezpo\u015bredni marketing (np. reklamy na Facebooku), b\u0119dziemy przetwarza\u0107 dane osobowe w spos\u00f3b automatyczny i tworzy\u0107 profil aktywno\u015bci. Jednak nie b\u0119dzie Pan\/Pani do\u015bwiadcza\u0107 \u017cadnych prawnych konsekwencji ani znacz\u0105cych zmian w swojej sytuacji.<\/li>\r\n \t<li>Dane osobowe, kt\u00f3re b\u0119d\u0105 profilowane, odpowiadaj\u0105 danym, kt\u00f3re zosta\u0142y wymienione wcze\u015bniej w kontek\u015bcie analizy Twojej aktywno\u015bci na stronie internetowej.<\/li>\r\n \t<li>Podstaw\u0105 prawn\u0105 tego przetwarzania danych osobowych jest art. 6 ust. 1 lit. f Og\u00f3lnego Rozporz\u0105dzenia o Ochronie Danych (RODO), kt\u00f3ry umo\u017cliwia nam przetwarzanie danych osobowych w celu realizacji naszego prawnie uzasadnionego interesu, w tym w przypadku prowadzenia dzia\u0142a\u0144 marketingowych dostosowanych do preferencji odbiorc\u00f3w. Podanie tych danych osobowych jest dobrowolne, ale niezb\u0119dne do osi\u0105gni\u0119cia tego celu (je\u015bli nie poda Pan\/Pani tych danych, nie b\u0119dziemy mogli prowadzi\u0107 dzia\u0142a\u0144 marketingowych dostosowanych do Pani\/Pana preferencji).<\/li>\r\n \t<li>B\u0119dziemy przetwarza\u0107 dane osobowe w celu profilowania do momentu skutecznego z\u0142o\u017cenia sprzeciwu lub osi\u0105gni\u0119cia celu przetwarzania.<\/li>\r\n \t<li>Ma Pan\/Pani mo\u017cliwo\u015b\u0107 wy\u0142\u0105czenia piksela Facebooka w okienku informacyjnym dotycz\u0105cym plik\u00f3w cookie.<\/li>\r\n<\/ol>\r\n&nbsp;\r\n<ol>\r\n \t<li><strong>POLITYKA COOKIES<\/strong><\/li>\r\n \t<li><strong>Wprowadzenie<\/strong><\/li>\r\n<\/ol>\r\nNiniejsza Polityka plik\u00f3w cookies opisuje, w jaki spos\u00f3b nasza strona internetowa wykorzystuje pliki cookies oraz podobne technologie do zbierania i przechowywania informacji podczas korzystania z naszej witryny. Niniejsza polityka ma na celu dostarczenie jasnych informacji na temat tego, jakie pliki cookies u\u017cywamy, dlaczego to robimy oraz jak mo\u017cna nimi zarz\u0105dza\u0107.\r\n<ol start=\"2\">\r\n \t<li><strong>Co to s\u0105 pliki cookies?<\/strong><\/li>\r\n<\/ol>\r\nPliki cookies s\u0105 to ma\u0142e pliki tekstowe przechowywane na Pani\/Pana urz\u0105dzeniu, kt\u00f3re zawieraj\u0105 informacje o aktywno\u015bci na stronie internetowej. Pliki te pozwalaj\u0105 nam na dostosowanie witryny do Pani\/Pana preferencji oraz u\u0142atwiaj\u0105 korzystanie z niej. Pliki cookies mog\u0105 by\u0107 tymczasowe (sesyjne) lub d\u0142ugoterminowe (sta\u0142e).\r\n\r\nRodzaje plik\u00f3w cookies u\u017cywanych na naszej stronie:\r\n<ol>\r\n \t<li>a) Pliki cookies niezb\u0119dne do dzia\u0142ania strony: Te pliki cookies s\u0105 niezb\u0119dne do prawid\u0142owego funkcjonowania naszej strony internetowej. Bez nich niekt\u00f3re funkcje mog\u0105 by\u0107 niedost\u0119pne lub dzia\u0142a\u0107 niepoprawnie.<\/li>\r\n \t<li>b) Pliki cookies analityczne: U\u017cywamy plik\u00f3w cookies analitycznych, aby zbiera\u0107 informacje o tym, jak u\u017cytkownicy korzystaj\u0105 z naszej strony. Dzi\u0119ki tym informacjom mo\u017cemy doskonali\u0107 nasz\u0105 witryn\u0119 i dostosowywa\u0107 j\u0105 do potrzeb u\u017cytkownik\u00f3w.<\/li>\r\n \t<li>c) Pliki cookies do cel\u00f3w reklamowych: Niekt\u00f3re pliki cookies s\u0142u\u017c\u0105 do wy\u015bwietlania spersonalizowanych reklam na naszej stronie oraz innych witrynach. Mog\u0105 one \u015bledzi\u0107 Twoj\u0105 aktywno\u015b\u0107 w celu dostarczania reklam odpowiadaj\u0105cych Twoim zainteresowaniom.<\/li>\r\n \t<li><strong>Zarz\u0105dzanie plikami cookies \u2013 jak w praktyce wyra\u017ca\u0107 i cofa\u0107 zgod\u0119?<\/strong><\/li>\r\n \t<li>a) Je\u015bli u\u017cytkownik nie chce otrzymywa\u0107 plik\u00f3w cookies, mo\u017ce zmieni\u0107 ustawienia przegl\u0105darki. Zastrzegamy, \u017ce wy\u0142\u0105czenie obs\u0142ugi plik\u00f3w cookies niezb\u0119dnych dla proces\u00f3w uwierzytelniania, bezpiecze\u0144stwa, utrzymania preferencji u\u017cytkownika mo\u017ce utrudni\u0107, a w skrajnych przypadkach mo\u017ce uniemo\u017cliwi\u0107 korzystanie ze stron www.<\/li>\r\n \t<li>b) W celu zarz\u0105dzania ustawienia cookies wybierz z listy poni\u017cej przegl\u0105dark\u0119 internetow\u0105, kt\u00f3rej u\u017cywasz i post\u0119puj zgodnie z instrukcjami:<\/li>\r\n<\/ol>\r\nEdge\r\n\r\nInternet Explorer\r\n\r\nChrome\r\n\r\nSafari\r\n\r\nFirefox\r\n\r\nOpera\r\n\r\nUrz\u0105dzenia mobilne:\r\n\r\nAndroid\r\n\r\nSafari (iOS)\r\n\r\nWindows Phone\r\n<ol start=\"4\">\r\n \t<li><strong>Podsumowanie<\/strong><\/li>\r\n<\/ol>\r\nNasza strona internetowa korzysta z plik\u00f3w cookies w celu zapewnienia lepszej jako\u015bci us\u0142ug i dostosowania tre\u015bci do Pani\/Pana potrzeb. Korzystaj\u0105c z naszej witryny, wyra\u017casz zgod\u0119 na wykorzystanie plik\u00f3w cookies zgodnie z nasz\u0105 Polityk\u0105 plik\u00f3w cookies. Je\u015bli masz pytania lub w\u0105tpliwo\u015bci dotycz\u0105ce tej polityki, skontaktuj si\u0119 z nami za po\u015brednictwem danych kontaktowych dost\u0119pnych na stronie.\r\n\r\n&nbsp;\r\n<ol>\r\n \t<li><strong>PRZEKAZYWANIE DANYCH DO PA\u0143STW TRZECICH<\/strong><\/li>\r\n \t<li>W zwi\u0105zku z u\u017cywaniem narz\u0119dzi, takich jak Google Analytics Facebook Pixel, narz\u0119dzi do rozsy\u0142ania newslettera przez naszych wsp\u00f3\u0142administrator\u00f3w, Pani\/Pana dane osobowe mog\u0105 by\u0107 przekazywane do r\u00f3\u017cnych pa\u0144stw spoza Unii Europejskiej. Oto lista pa\u0144stw trzecich, do kt\u00f3rych mog\u0105 by\u0107 przekazywane Twoje dane: Wielka Brytania, Kanada, USA, Chile, Brazylia, Izrael, Arabia Saudyjska, Katar, Indie, Chiny, Korea Po\u0142udniowa, Japonia, Singapur, Tajwan (Republika Chi\u0144ska), Indonezja oraz Australia.<\/li>\r\n \t<li>Przekazanie danych do tych pa\u0144stw trzecich jest oparte na:\r\n<ul>\r\n \t<li>Dla kraj\u00f3w takich jak Andora, Argentyna, Kanada (dzia\u0142alno\u015b\u0107 komercyjna), Wyspy Owcze, Guernsey, Izrael, Isle of Man, Japonia, Jersey, Nowa Zelandia, Szwajcaria, Urugwaj, Wielka Brytania, USA (organizacje komercyjne) &#8211; decyzjach Komisji Europejskiej, kt\u00f3re stwierdzaj\u0105, \u017ce te pa\u0144stwa trzecie zapewniaj\u0105 odpowiedni poziom ochrony danych osobowych.<\/li>\r\n \t<li>Dla USA, Chile, Brazylii, Arabii Saudyjskiej, Kataru, Indii, Chin, Korei Po\u0142udniowej, Singapuru, Tajwanu (Republiki Chi\u0144skiej), Indonezji oraz Australii &#8211; stosowanie standardowych klauzul umownych, kt\u00f3re zapewniaj\u0105 odpowiedni poziom ochrony danych osobowych, zgodnie z decyzj\u0105 wykonawcz\u0105 Komisji (UE) 2021\/914 z dnia 4 czerwca 2021 r.<\/li>\r\n<\/ul>\r\n<\/li>\r\n \t<li>Mo\u017ce Pan\/Pani otrzyma\u0107 kopi\u0119 danych, kt\u00f3re s\u0105 przekazywane do tych pa\u0144stw trzecich, od naszych wsp\u00f3\u0142administrator\u00f3w.<\/li>\r\n<\/ol>\r\n&nbsp;\r\n<ul>\r\n \t<li><strong>POSTANOWIENIA KO\u0143COWE<\/strong><\/li>\r\n<\/ul>\r\n<ol>\r\n \t<li>Niniejsza polityka prywatno\u015bci wchodzi w \u017cycie z dniem opublikowania na stronie internetowej Sklepu internetowego.<\/li>\r\n \t<li>W sprawach nieuregulowanych niniejsz\u0105\u00a0polityk\u0105\u00a0maj\u0105\u00a0zastosowanie przepisy powszechnie obowi\u0105zuj\u0105cego prawa.<\/li>\r\n<\/ol>\r\n&nbsp;\r\n<h3>Skontaktuj si\u0119 z nami<\/h3>\r\n<strong><a href=\"mailto:kontakt@wieslawski.studio\">kontakt@wieslawski.studio<\/a>\r\n<\/strong><strong>+ 48 607 606 370\r\n<\/strong><strong>https:\/\/hertzrecording.com\r\n<\/strong><strong>WIES\u0141AWSKI STUDIO S\u0142awomir Wies\u0142awski ul. A Struga 9 15-198 Bia\u0142ystok Poland<\/strong>[\/vc_column_text][\/vc_column][\/vc_row][vc_row][vc_column][vc_column_text]\r\n\r\n[\/vc_column_text][\/vc_column][\/vc_row]<!-- \/wp:post-content --><\/div>","protected":false},"excerpt":{"rendered":"<p>[vc_row][vc_column][vc_column_text css=&#8221;&#8221;]POLITYKA PRYWATNO\u015a\u0106I SKLEPU INTERNETOWEGO \u00a0 Ostatnia aktualizacja: 2026-01-20 &nbsp; ADMINISTRATOR DANYCH Strona internetowa dzia\u0142aj\u0105ca pod adresem https:\/\/hertzrecording.com\/ jest prowadzona przez WIES\u0141AWSKI STUDIO S\u0141AWOMIR WIES\u0141AWSKI z siedzib\u0105 ul. ANDRZEJA STRUGA 9, 15-198 BIA\u0141YSTOK, wpisan\u0105 do Rejestru Przedsi\u0119biorc\u00f3w Krajowego Rejestru S\u0105dowego prowadzonego przez S\u0105d Rejonowy w Bia\u0142ymstoku pod nr KRS: -, NIP: 5451506187, REGON: 541781470. &nbsp;&hellip;<\/p>\n","protected":false},"author":4,"featured_media":0,"parent":0,"menu_order":0,"comment_status":"closed","ping_status":"closed","template":"","meta":{"footnotes":""},"class_list":["post-2971","page","type-page","status-publish","hentry","description-off"],"_links":{"self":[{"href":"https:\/\/hertzrecording.com\/pl\/wp-json\/wp\/v2\/pages\/2971","targetHints":{"allow":["GET"]}}],"collection":[{"href":"https:\/\/hertzrecording.com\/pl\/wp-json\/wp\/v2\/pages"}],"about":[{"href":"https:\/\/hertzrecording.com\/pl\/wp-json\/wp\/v2\/types\/page"}],"author":[{"embeddable":true,"href":"https:\/\/hertzrecording.com\/pl\/wp-json\/wp\/v2\/users\/4"}],"replies":[{"embeddable":true,"href":"https:\/\/hertzrecording.com\/pl\/wp-json\/wp\/v2\/comments?post=2971"}],"version-history":[{"count":4,"href":"https:\/\/hertzrecording.com\/pl\/wp-json\/wp\/v2\/pages\/2971\/revisions"}],"predecessor-version":[{"id":4157,"href":"https:\/\/hertzrecording.com\/pl\/wp-json\/wp\/v2\/pages\/2971\/revisions\/4157"}],"wp:attachment":[{"href":"https:\/\/hertzrecording.com\/pl\/wp-json\/wp\/v2\/media?parent=2971"}],"curies":[{"name":"wp","href":"https:\/\/api.w.org\/{rel}","templated":true}]}}