{"id":2963,"date":"2021-04-24T14:49:24","date_gmt":"2021-04-24T12:49:24","guid":{"rendered":"https:\/\/hertzrecording.com\/studio-nagran\/"},"modified":"2026-02-03T17:09:14","modified_gmt":"2026-02-03T15:09:14","slug":"studio-nagran","status":"publish","type":"page","link":"https:\/\/hertzrecording.com\/pl\/studio-nagran\/","title":{"rendered":"Recording Studio"},"content":{"rendered":"<div class=\"wpb-content-wrapper\"><p>[vc_row][vc_column][vc_column_text css_animation=&#8221;fadeIn&#8221; css=&#8221;.vc_custom_1769541513622{margin-top: 50px !important;}&#8221;]<\/p>\n<p style=\"text-align: center;\">Od ponad 25 lat realizuj\u0119 i produkuj\u0119 muzyk\u0119\u00a0 z ca\u0142ego \u015bwiata.<\/p>\n<p>&nbsp;<\/p>\n<p style=\"text-align: center;\">W swoim dorobku mam ponad 300 nagranych i zrealizowanych album\u00f3w. Moj\u0105 prac\u0119 doceni\u0142 przemys\u0142 muzyczny i co najwa\u017cniejsze \u2013 fani.<\/p>\n<p>[\/vc_column_text][vc_single_image image=&#8221;1738&#8243; img_size=&#8221;200&#215;200&#8243; alignment=&#8221;center&#8221; css_animation=&#8221;fadeIn&#8221;][vc_column_text css_animation=&#8221;fadeIn&#8221;]<\/p>\n<blockquote>\n<blockquote><p><em>\u201c\u2026Styl pracy, profesjonalizm i zaanga\u017cowanie. To podstawowe cechy spokojnej i owocnej pracy w studio.<br \/>\nDo tego Hertz Recording Studio ca\u0142y czas si\u0119 rozwija i obecnie jest moim zdaniem jedynym z najlepszych w Europie.\u201d\u00a0<\/em><\/p><\/blockquote>\n<p>&nbsp;<\/p><\/blockquote>\n<p>[\/vc_column_text][\/vc_column][\/vc_row][vc_row full_width=&#8221;stretch_row_content&#8221; content_placement=&#8221;middle&#8221;][vc_column offset=&#8221;vc_hidden-sm vc_hidden-xs&#8221;][vc_row_inner equal_height=&#8221;yes&#8221;][vc_column_inner width=&#8221;1\/4&#8243; css=&#8221;.vc_custom_1620058795571{background-image: url(https:\/\/hertzrecording.com\/wp-content\/uploads\/2021\/04\/recording-production-photo3-scaled.jpg?id=488) !important;background-position: center !important;background-repeat: no-repeat !important;background-size: cover !important;}&#8221;][\/vc_column_inner][vc_column_inner width=&#8221;1\/4&#8243; css=&#8221;.vc_custom_1769541667236{background-image: url(https:\/\/hertzrecording.com\/wp-content\/uploads\/2026\/01\/NEUMAN-U-87-hertz-studio-wieslawski-studio.webp?id=4255) !important;background-position: center !important;background-repeat: no-repeat !important;background-size: cover !important;}&#8221;][\/vc_column_inner][vc_column_inner width=&#8221;1\/4&#8243; css=&#8221;.vc_custom_1769615539260{background-color: #1e1d1b !important;}&#8221; offset=&#8221;vc_hidden-xs&#8221;][vc_column_text css=&#8221;.vc_custom_1620143675706{margin-top: 15px !important;margin-right: 15px !important;margin-left: 15px !important;background-color: #1e1d1b !important;}&#8221;]<\/p>\n<h3 style=\"text-align: left;\"><span style=\"color: #931a24;\">Nagrania i produkcja<\/span><\/h3>\n<p><strong><span style=\"color: #ffffff;\">Wies\u0142awski Studio \/ Hertz Recording Studio<\/span><\/strong><span style=\"color: #ffffff;\"> to wymarzone miejsce zar\u00f3wno do pracy nad albumem, jak i na szybkie nagranie dema. Studio ma niepowtarzalny, ciep\u0142y klimat sprzyjaj\u0105cy tw\u00f3rczej pracy. Mie\u015bci si\u0119 w Bia\u0142ymstoku, w willi po\u0142o\u017conej w zielonej dzielnicy dom\u00f3w jednorodzinnych. Na czas sesji muzycy mog\u0105 zamieszka\u0107 na pi\u0119trze, nad studiem, gdzie w komfortowych warunkach i w spokoju mog\u0105 tworzy\u0107 i odpoczywa\u0107. <\/span><\/p>\n<p><span style=\"color: #ffffff;\">Oferuj\u0119 pe\u0142ne wsparcie techniczne. Na potrzeby sesji nagraniowej u\u017cyczam nieodp\u0142atnie wzmacniacze gitarowe, perkusje. Pomagam odnale\u017a\u0107 wymarzone, graj\u0105ce w g\u0142owie muzyka brzmienia . S\u0142u\u017c\u0119 pomoc\u0105 i wiedz\u0105 w strojeniu perkusji, gitar i innych instrument\u00f3w. Dzielimy si\u0119 swoim bogatym do\u015bwiadczeniem i producenck\u0105 rad\u0105.<\/span>[\/vc_column_text][\/vc_column_inner][vc_column_inner width=&#8221;1\/4&#8243; css=&#8221;.vc_custom_1620058801875{background-image: url(https:\/\/hertzrecording.com\/wp-content\/uploads\/2021\/04\/recording-production-photo2-scaled.jpg?id=487) !important;background-position: center !important;background-repeat: no-repeat !important;background-size: cover !important;}&#8221;][\/vc_column_inner][\/vc_row_inner][\/vc_column][\/vc_row][vc_row full_width=&#8221;stretch_row_content&#8221; content_placement=&#8221;middle&#8221; css=&#8221;.vc_custom_1620058908364{background-color: #1e1d1b !important;}&#8221;][vc_column offset=&#8221;vc_hidden-lg vc_hidden-md&#8221;][vc_row_inner][vc_column_inner][vc_column_text css=&#8221;.vc_custom_1620143714249{margin-top: 15px !important;margin-right: 15px !important;margin-left: 15px !important;background-color: #1e1d1b !important;}&#8221;]<\/p>\n<h3 style=\"text-align: left;\"><span style=\"color: #931a24;\">Nagrania i produkcja<\/span><\/h3>\n<p><strong><span style=\"color: #ffffff;\">Wies\u0142awski Studio \/ Hertz Recording Studio<\/span><\/strong><span style=\"color: #ffffff;\"> to wymarzone miejsce zar\u00f3wno do pracy nad albumem, jak i na szybkie nagranie dema. Studio ma niepowtarzalny, ciep\u0142y klimat sprzyjaj\u0105cy tw\u00f3rczej pracy. Mie\u015bci si\u0119 w Bia\u0142ymstoku, w willi po\u0142o\u017conej w zielonej dzielnicy dom\u00f3w jednorodzinnych. Na czas sesji muzycy mog\u0105 zamieszka\u0107 na pi\u0119trze, nad studiem, gdzie w komfortowych warunkach i w spokoju mog\u0105 tworzy\u0107 i odpoczywa\u0107. <\/span><\/p>\n<p><span style=\"color: #ffffff;\">Oferuj\u0119 pe\u0142ne wsparcie techniczne. Na potrzeby sesji nagraniowej u\u017cyczam nieodp\u0142atnie wzmacniacze gitarowe, perkusje. Pomagam odnale\u017a\u0107 wymarzone, graj\u0105ce w g\u0142owie muzyka brzmienia . S\u0142u\u017c\u0119 pomoc\u0105 i wiedz\u0105 w strojeniu perkusji, gitar i innych instrument\u00f3w. Dzielimy si\u0119 swoim bogatym do\u015bwiadczeniem i producenck\u0105 rad\u0105.<\/span>[\/vc_column_text][\/vc_column_inner][\/vc_row_inner][\/vc_column][\/vc_row][vc_row][vc_column width=&#8221;1\/3&#8243;][vc_column_text css=&#8221;&#8221;]<\/p>\n<h2 dir=\"auto\">Sprawd\u017a pozosta\u0142e us\u0142ugi<\/h2>\n<p>[\/vc_column_text][\/vc_column][\/vc_row][vc_row css=&#8221;.vc_custom_1769543420689{margin-top: 30px !important;margin-bottom: 100px !important;}&#8221;][vc_column width=&#8221;1\/3&#8243; css=&#8221;.vc_custom_1770126321345{margin-bottom: 50px !important;}&#8221;]<div id=\"ultimate-heading-921569d4a0981d484\" class=\"uvc-heading ult-adjust-bottom-margin ultimate-heading-921569d4a0981d484 uvc-2255  uvc-heading-default-font-sizes\" data-hspacer=\"no_spacer\"  data-halign=\"center\" style=\"text-align:center\"><div class=\"uvc-heading-spacer no_spacer\" style=\"top\"><\/div><div class=\"uvc-main-heading ult-responsive\"  data-ultimate-target='.uvc-heading.ultimate-heading-921569d4a0981d484 h3'  data-responsive-json-new='{\"font-size\":\"\",\"line-height\":\"\"}' ><h3 style=\"--font-weight:theme;color:#931a24;\">MIX \/ MASTERING<\/h3><\/div><\/div>[vc_single_image image=&#8221;1970&#8243; img_size=&#8221;full&#8221; css=&#8221;.vc_custom_1619433324886{margin-top: 30px !important;}&#8221;]<style type=\"text\/css\" data-type=\"the7_shortcodes-inline-css\">#default-btn-f7ecddc832ddb7026f8b4a419e51d439.ico-right-side > i {\n  margin-right: 0px;\n  margin-left: 8px;\n}\n#default-btn-f7ecddc832ddb7026f8b4a419e51d439 > i {\n  margin-right: 8px;\n}<\/style><a href=\"https:\/\/www.wieslawski.studio\/mix-mastering\" class=\"default-btn-shortcode dt-btn dt-btn-l link-hover-off full-width-btn btn-inline-left \" id=\"default-btn-f7ecddc832ddb7026f8b4a419e51d439\" target=\"_blank\" rel=\"noopener\"><span>Zobacz<\/span><\/a>[\/vc_column][vc_column width=&#8221;1\/3&#8243; css=&#8221;.vc_custom_1770126328331{margin-bottom: 50px !important;}&#8221;]<div id=\"ultimate-heading-824369d4a0981d607\" class=\"uvc-heading ult-adjust-bottom-margin ultimate-heading-824369d4a0981d607 uvc-433  uvc-heading-default-font-sizes\" data-hspacer=\"no_spacer\"  data-halign=\"center\" style=\"text-align:center\"><div class=\"uvc-heading-spacer no_spacer\" style=\"top\"><\/div><div class=\"uvc-main-heading ult-responsive\"  data-ultimate-target='.uvc-heading.ultimate-heading-824369d4a0981d607 h3'  data-responsive-json-new='{\"font-size\":\"\",\"line-height\":\"\"}' ><h3 style=\"--font-weight:theme;color:#931a24;\">KURSY I SZKOLENIA<\/h3><\/div><\/div>[vc_single_image image=&#8221;1844&#8243; img_size=&#8221;1000&#215;785&#8243; css=&#8221;.vc_custom_1769542456824{margin-top: 30px !important;}&#8221;]<style type=\"text\/css\" data-type=\"the7_shortcodes-inline-css\">#default-btn-b09e49e7ed9195f4a3dd6160bdc93afa.ico-right-side > i {\n  margin-right: 0px;\n  margin-left: 8px;\n}\n#default-btn-b09e49e7ed9195f4a3dd6160bdc93afa > i {\n  margin-right: 8px;\n}<\/style><a href=\"https:\/\/www.wieslawski.studio\/kursy-mix-mastering\" class=\"default-btn-shortcode dt-btn dt-btn-l link-hover-off full-width-btn btn-inline-left \" id=\"default-btn-b09e49e7ed9195f4a3dd6160bdc93afa\" target=\"_blank\" rel=\"noopener\"><span>Zobacz<\/span><\/a>[\/vc_column][vc_column width=&#8221;1\/3&#8243; css=&#8221;.vc_custom_1770126334972{margin-bottom: 50px !important;}&#8221;]<div id=\"ultimate-heading-64069d4a0981d6a9\" class=\"uvc-heading ult-adjust-bottom-margin ultimate-heading-64069d4a0981d6a9 uvc-6727  uvc-heading-default-font-sizes\" data-hspacer=\"no_spacer\"  data-halign=\"center\" style=\"text-align:center\"><div class=\"uvc-heading-spacer no_spacer\" style=\"top\"><\/div><div class=\"uvc-main-heading ult-responsive\"  data-ultimate-target='.uvc-heading.ultimate-heading-64069d4a0981d6a9 h3'  data-responsive-json-new='{\"font-size\":\"\",\"line-height\":\"\"}' ><h3 style=\"--font-weight:theme;color:#931a24;\">REALIZACJA KONCERT\u00d3W<\/h3><\/div><\/div>[vc_single_image image=&#8221;4193&#8243; img_size=&#8221;1000&#215;650&#8243; css=&#8221;.vc_custom_1769542514766{margin-top: 30px !important;}&#8221;]<style type=\"text\/css\" data-type=\"the7_shortcodes-inline-css\">#default-btn-c0630c0f23eb252645a62f6167a215a2.ico-right-side > i {\n  margin-right: 0px;\n  margin-left: 8px;\n}\n#default-btn-c0630c0f23eb252645a62f6167a215a2 > i {\n  margin-right: 8px;\n}<\/style><a href=\"https:\/\/www.wieslawski.studio\/nagrania-mobilne\" class=\"default-btn-shortcode dt-btn dt-btn-l link-hover-off full-width-btn btn-inline-left \" id=\"default-btn-c0630c0f23eb252645a62f6167a215a2\" target=\"_blank\" rel=\"noopener\"><span>Zobacz<\/span><\/a>[\/vc_column][\/vc_row]<\/p>\n<\/div>","protected":false},"excerpt":{"rendered":"<p>[vc_row][vc_column][vc_column_text css_animation=&#8221;fadeIn&#8221; css=&#8221;.vc_custom_1769541513622{margin-top: 50px !important;}&#8221;] Od ponad 25 lat realizuj\u0119 i produkuj\u0119 muzyk\u0119\u00a0 z ca\u0142ego \u015bwiata. &nbsp; W swoim dorobku mam ponad 300 nagranych i zrealizowanych album\u00f3w. Moj\u0105 prac\u0119 doceni\u0142 przemys\u0142 muzyczny i co najwa\u017cniejsze \u2013 fani. [\/vc_column_text][vc_single_image image=&#8221;1738&#8243; img_size=&#8221;200&#215;200&#8243; alignment=&#8221;center&#8221; css_animation=&#8221;fadeIn&#8221;][vc_column_text css_animation=&#8221;fadeIn&#8221;] \u201c\u2026Styl pracy, profesjonalizm i zaanga\u017cowanie. To podstawowe cechy spokojnej i owocnej pracy&hellip;<\/p>\n","protected":false},"author":4,"featured_media":0,"parent":0,"menu_order":0,"comment_status":"closed","ping_status":"closed","template":"","meta":{"footnotes":""},"class_list":["post-2963","page","type-page","status-publish","hentry","description-off"],"_links":{"self":[{"href":"https:\/\/hertzrecording.com\/pl\/wp-json\/wp\/v2\/pages\/2963","targetHints":{"allow":["GET"]}}],"collection":[{"href":"https:\/\/hertzrecording.com\/pl\/wp-json\/wp\/v2\/pages"}],"about":[{"href":"https:\/\/hertzrecording.com\/pl\/wp-json\/wp\/v2\/types\/page"}],"author":[{"embeddable":true,"href":"https:\/\/hertzrecording.com\/pl\/wp-json\/wp\/v2\/users\/4"}],"replies":[{"embeddable":true,"href":"https:\/\/hertzrecording.com\/pl\/wp-json\/wp\/v2\/comments?post=2963"}],"version-history":[{"count":31,"href":"https:\/\/hertzrecording.com\/pl\/wp-json\/wp\/v2\/pages\/2963\/revisions"}],"predecessor-version":[{"id":4512,"href":"https:\/\/hertzrecording.com\/pl\/wp-json\/wp\/v2\/pages\/2963\/revisions\/4512"}],"wp:attachment":[{"href":"https:\/\/hertzrecording.com\/pl\/wp-json\/wp\/v2\/media?parent=2963"}],"curies":[{"name":"wp","href":"https:\/\/api.w.org\/{rel}","templated":true}]}}