{"id":2960,"date":"2021-05-13T14:18:02","date_gmt":"2021-05-13T12:18:02","guid":{"rendered":"https:\/\/hertzrecording.com\/ceny\/"},"modified":"2026-02-13T16:46:07","modified_gmt":"2026-02-13T14:46:07","slug":"ceny","status":"publish","type":"page","link":"https:\/\/hertzrecording.com\/pl\/ceny\/","title":{"rendered":"Ceny"},"content":{"rendered":"<div class=\"wpb-content-wrapper\"><p>[vc_row css=&#8221;.vc_custom_1620063595063{margin-top: 25px !important;}&#8221;][vc_column][vc_row_inner equal_height=&#8221;yes&#8221; gap=&#8221;2&#8243;][vc_column_inner width=&#8221;1\/3&#8243; css=&#8221;.vc_custom_1620063628182{background-color: #f2f2f2 !important;}&#8221;][vc_empty_space height=&#8221;250&#8243; css=&#8221;.vc_custom_1620063854737{background-image: url(https:\/\/hertzrecording.com\/wp-content\/uploads\/2021\/04\/mixing-photo-box.jpg?id=346) !important;background-position: center !important;background-repeat: no-repeat !important;background-size: cover !important;}&#8221;][vc_column_text css=&#8221;.vc_custom_1769545676495{padding-top: 25px !important;padding-right: 25px !important;padding-left: 25px !important;}&#8221;]<\/p>\n<h3 style=\"text-align: left;\">MIXING<\/h3>\n<p>W Hertz Recording Studio \/ Wies\u0142awski Studio rozumiemy, \u017ce ka\u017cdy projekt r\u00f3\u017cni si\u0119 od nast\u0119pnego; skontaktuj si\u0119, podaj\u0105c konkretne wymagania, a my przedstawimy ofert\u0119, kt\u00f3ra b\u0119dzie odpowiada\u0107 zar\u00f3wno Twojemu bud\u017cetowi, jak i wymaganiom. Zaproponujemy niedrogie sposoby na urzeczywistnienie Twojego projektu.<\/p>\n<p>Us\u0142ugi obejmuj\u0105 miksowanie, mastering, nagrywanie perkusji, nagrywanie wokalu, reamping i wiele wi\u0119cej. Je\u015bli chcesz dowiedzie\u0107 si\u0119 wi\u0119cej, skontaktuj si\u0119, aby uzyska\u0107 bezp\u0142atn\u0105 konsultacj\u0119, aby uzyska\u0107 najlepsz\u0105 cen\u0119 za sw\u00f3j projekt.[\/vc_column_text][vc_btn title=&#8221;WYCENA&#8221; style=&#8221;custom&#8221; custom_background=&#8221;#931a24&#8243; custom_text=&#8221;#ffffff&#8221; align=&#8221;left&#8221; css=&#8221;.vc_custom_1620142378080{margin-top: 25px !important;margin-left: 25px !important;}&#8221; link=&#8221;url:https%3A%2F%2Fhertzrecording.com%2Fcontact%2F|title:Kontakt|&#8221;][\/vc_column_inner][vc_column_inner width=&#8221;1\/3&#8243; css=&#8221;.vc_custom_1620063635653{background-color: #f2f2f2 !important;}&#8221;][vc_empty_space height=&#8221;250&#8243; css=&#8221;.vc_custom_1769547950593{background-image: url(https:\/\/hertzrecording.com\/wp-content\/uploads\/2026\/01\/RealizatorkaWieslawskiStudio.webp?id=4224) !important;background-position: center !important;background-repeat: no-repeat !important;background-size: cover !important;}&#8221;][vc_column_text css=&#8221;.vc_custom_1770993623982{padding-top: 25px !important;padding-right: 25px !important;padding-left: 25px !important;}&#8221;]<\/p>\n<h3 style=\"text-align: left;\">SESJA NAGRANIOWA<\/h3>\n<p><strong>Stawka dzienna studia<\/strong><br \/>\nz in\u017cynierem d\u017awi\u0119ku &#8211; <strong>1490 PLN<\/strong><\/p>\n<p><strong>Stawka dzienna studia<\/strong><br \/>\nbez in\u017cyniera d\u017awi\u0119ku &#8211; <strong>890 PLN<\/strong><\/p>\n<p><strong>Godziny pracy:<\/strong><br \/>\nPoniedzia\u0142ek \u2013 Sobota:<strong> 9:00-18:00<\/strong><\/p>\n<p><span style=\"font-weight: 400;\">G\u0142\u00f3wnym in\u017cynierem d\u017awi\u0119ku w Hertz Studio jest:<\/span><br \/>\n<span style=\"font-weight: 400;\"><strong>S\u0142awek Wies\u0142awski<\/strong><\/span><\/p>\n<p>[\/vc_column_text][vc_btn title=&#8221;ZAREZERWUJ SESJ\u0118&#8221; style=&#8221;custom&#8221; custom_background=&#8221;#931a24&#8243; custom_text=&#8221;#ffffff&#8221; align=&#8221;left&#8221; css=&#8221;.vc_custom_1623758266294{margin-top: 25px !important;margin-left: 25px !important;}&#8221; link=&#8221;url:https%3A%2F%2Fhertzrecording.com%2Fcontact%2F|&#8221;][\/vc_column_inner][vc_column_inner width=&#8221;1\/3&#8243; css=&#8221;.vc_custom_1620063642875{background-color: #f2f2f2 !important;}&#8221;][vc_empty_space height=&#8221;250&#8243; css=&#8221;.vc_custom_1620064007121{background-image: url(https:\/\/hertzrecording.com\/wp-content\/uploads\/2021\/04\/mastering-photo-box.jpg?id=347) !important;background-position: center !important;background-repeat: no-repeat !important;background-size: cover !important;}&#8221;][vc_column_text css=&#8221;.vc_custom_1770993710900{padding-top: 25px !important;padding-right: 25px !important;padding-left: 25px !important;}&#8221;]<\/p>\n<h3>MASTERING<\/h3>\n<p>Oferujemy sta\u0142e ceny na mastering zamieszczone poni\u017cej:<\/p>\n<p><strong>Ca\u0142y album (ok. 25-60 minut) &#8211; 2300 PLN<\/strong><br \/>\n2-3 wersje masteringowe na jednym utworze, mo\u017cliwo\u015b\u0107 jednej korekty mixu po otrzymaniu wersji finalnej, mastering dostarczamy w formacie DDP, wav i mp3.<\/p>\n<p><strong>Mniej ni\u017c 25 minut \u2013 1100 PLN<\/strong><br \/>\n2-3 wersje masteringowe na jednym utworze, mo\u017cliwo\u015b\u0107 jednej korekty mixu po otrzymaniu wersji finalnej, mastering dostarczamy w formacie DDP, wav i mp3.<\/p>\n<p><strong>Jedna piosenka \u2013 450 PLN<\/strong><br \/>\n2-3 wersje masteringowe na jednym utworze, mo\u017cliwo\u015b\u0107 jednej korekty mixu po otrzymaniu wersji finalnej, mastering dostarczamy w formacie DDP, wav i mp3.[\/vc_column_text][vc_btn title=&#8221;WYCENA DLA MASTERINGU&#8221; style=&#8221;custom&#8221; custom_background=&#8221;#931a24&#8243; custom_text=&#8221;#ffffff&#8221; align=&#8221;left&#8221; css=&#8221;.vc_custom_1623758274257{margin-top: 25px !important;margin-left: 25px !important;}&#8221; link=&#8221;url:https%3A%2F%2Fhertzrecording.com%2Fcontact%2F|&#8221;][\/vc_column_inner][\/vc_row_inner][\/vc_column][\/vc_row][vc_row css_animation=&#8221;fadeIn&#8221; css=&#8221;.vc_custom_1620065161266{margin-top: 25px !important;}&#8221;][vc_column][vc_column_text]<\/p>\n<h3 style=\"text-align: center;\"><span style=\"color: #931a24;\">Dodatkowe op\u0142aty<\/span><\/h3>\n<p>[\/vc_column_text][\/vc_column][\/vc_row][vc_row][vc_column][vc_row_inner equal_height=&#8221;yes&#8221; content_placement=&#8221;middle&#8221; gap=&#8221;2&#8243; css=&#8221;.vc_custom_1770993753470{margin-bottom: 50px !important;}&#8221;][vc_column_inner width=&#8221;1\/3&#8243; css=&#8221;.vc_custom_1620063628182{background-color: #f2f2f2 !important;}&#8221;][vc_column_text css=&#8221;.vc_custom_1770993830946{padding-top: 25px !important;padding-right: 25px !important;padding-left: 25px !important;}&#8221;]<\/p>\n<h4 style=\"text-align: left;\">Mastered dla iTunes: <strong>43 PLN\/UTW\u00d3R<\/strong><\/h4>\n<p style=\"text-align: left;\"><em>Dostarczanie elektronicznego pliku Wave z cz\u0119stotliwo\u015bci\u0105 pr\u00f3bkowania \u017ar\u00f3d\u0142a i 24-bitow\u0105 g\u0142\u0119bi\u0105 bitow\u0105<\/em><\/p>\n<p>[\/vc_column_text][\/vc_column_inner][vc_column_inner width=&#8221;1\/3&#8243; css=&#8221;.vc_custom_1620063635653{background-color: #f2f2f2 !important;}&#8221;][vc_column_text css=&#8221;.vc_custom_1770993883836{padding-top: 25px !important;padding-right: 25px !important;padding-left: 25px !important;}&#8221;]<\/p>\n<h4 style=\"text-align: left;\">Stem mastering: <strong>843 PLN<\/strong><\/h4>\n<p style=\"text-align: left;\"><em>Miksy dostarczane do nas w podgrupach, \u201estem&#8221; (np. perkusja, bas, gitary, wokal, klawisze\u2026)<\/em><\/p>\n<p>[\/vc_column_text][\/vc_column_inner][vc_column_inner width=&#8221;1\/3&#8243; css=&#8221;.vc_custom_1620063642875{background-color: #f2f2f2 !important;}&#8221;][vc_column_text css=&#8221;.vc_custom_1770993962137{padding-top: 25px !important;padding-right: 25px !important;padding-left: 25px !important;}&#8221;]<\/p>\n<h4 style=\"text-align: left;\">Zapis na fizyczny transfer na CD-R <strong>21 PLN<\/strong><\/h4>\n<p style=\"text-align: left;\"><em>za 1 szt. (cena nie zawiera koszt\u00f3w transportu)<\/em><\/p>\n<p>[\/vc_column_text][\/vc_column_inner][\/vc_row_inner][\/vc_column][\/vc_row][vc_row full_width=&#8221;stretch_row_content&#8221; disable_element=&#8221;yes&#8221; css=&#8221;.vc_custom_1770993724642{margin-top: 25px !important;}&#8221;][vc_column][vc_separator color=&#8221;custom&#8221; accent_color=&#8221;#000000&#8243;][\/vc_column][\/vc_row][vc_row disable_element=&#8221;yes&#8221;][vc_column][vc_row_inner equal_height=&#8221;yes&#8221; gap=&#8221;30&#8243;][vc_column_inner width=&#8221;1\/3&#8243;][vc_column_text css=&#8221;.vc_custom_1620142438215{padding-right: 25px !important;padding-left: 25px !important;}&#8221;]<\/p>\n<div class=\"uvc-main-heading ult-responsive\" data-ultimate-target=\".uvc-heading.ultimate-heading-257260903990bc68c h2\" data-responsive-json-new=\"{&quot;font-size&quot;:&quot;&quot;,&quot;line-height&quot;:&quot;&quot;}\">\n<h3 style=\"text-align: left;\">Nasz pok\u00f3j go\u015bcinny<\/h3>\n<\/div>\n<div class=\"uvc-heading-spacer line_only\" style=\"text-align: left;\">Aby zapewni\u0107 maksymalny komfort podczas i po nagraniu w <strong>Hertz Recording Studio<\/strong>, wszyscy nasi klienci mog\u0105 korzysta\u0107 z salonu artystycznego i mie\u0107 mo\u017cliwo\u015b\u0107 bezp\u0142atnego pobytu w naszych pokojach go\u015bcinnych na pierwszym pi\u0119trze studia, gdzie maj\u0105 dost\u0119p do w pe\u0142ni wyposa\u017conej kuchni, toalety z prysznicem. i <strong>WiFi<\/strong>. Studio jest bardzo kameralne iw bardzo spokojnej okolicy na obrze\u017cach Bia\u0142egostoku w pobli\u017cu Puszczy Knyszy\u0144skiej (zwanej <strong>Zielonymi P\u0142ucami Polski<\/strong>), dzi\u0119ki czemu mo\u017cna w 100% skoncentrowa\u0107 si\u0119 na muzyce.<\/div>\n<p>[\/vc_column_text][vc_btn title=&#8221;WYCENA POKOJU GO\u015aCINNEGO&#8221; style=&#8221;custom&#8221; custom_background=&#8221;#931a24&#8243; custom_text=&#8221;#ffffff&#8221; align=&#8221;left&#8221; css=&#8221;.vc_custom_1620142451087{margin-top: 25px !important;margin-left: 25px !important;padding-right: 30px !important;}&#8221; link=&#8221;url:https%3A%2F%2Fhertzrecording.com%2Fcontact%2F|title:Kontakt|&#8221;][\/vc_column_inner][vc_column_inner width=&#8221;2\/3&#8243;]<style type=\"text\/css\" data-type=\"the7_shortcodes-inline-css\">.gallery-shortcode.gallery-masonry-shortcode-id-59290e6d0356db091483f37321667383 figure,\n.gallery-shortcode.gallery-masonry-shortcode-id-59290e6d0356db091483f37321667383 .rollover,\n.gallery-shortcode.gallery-masonry-shortcode-id-59290e6d0356db091483f37321667383 img,\n.gallery-shortcode.gallery-masonry-shortcode-id-59290e6d0356db091483f37321667383 .gallery-rollover {\n  border-radius: 0px;\n}\n.gallery-shortcode.gallery-masonry-shortcode-id-59290e6d0356db091483f37321667383.enable-bg-rollover .gallery-rollover {\n  background: -webkit-linear-gradient();\n  background: linear-gradient();\n}\n.gallery-shortcode.gallery-masonry-shortcode-id-59290e6d0356db091483f37321667383.enable-bg-rollover.hover-scale figure .rollover:after {\n  background: -webkit-linear-gradient();\n  background: linear-gradient();\n}\n.gallery-shortcode.gallery-masonry-shortcode-id-59290e6d0356db091483f37321667383 .gallery-zoom-ico {\n  width: 44px;\n  height: 44px;\n  line-height: 44px;\n  border-radius: 100px;\n  margin: -22px 0 0 -22px;\n  border-width: 0px;\n  color: #ffffff;\n}\n.dt-icon-bg-on.gallery-shortcode.gallery-masonry-shortcode-id-59290e6d0356db091483f37321667383 .gallery-zoom-ico {\n  background: rgba(255,255,255,0.3);\n  box-shadow: none;\n}\n.gallery-shortcode.gallery-masonry-shortcode-id-59290e6d0356db091483f37321667383 .gallery-zoom-ico:before,\n.gallery-shortcode.gallery-masonry-shortcode-id-59290e6d0356db091483f37321667383 .gallery-zoom-ico span {\n  font-size: 32px;\n  line-height: 44px;\n  color: #ffffff;\n}\n.gallery-shortcode.gallery-masonry-shortcode-id-59290e6d0356db091483f37321667383:not(.resize-by-browser-width) .dt-css-grid {\n  grid-row-gap: 10px;\n  grid-column-gap: 10px;\n  grid-template-columns: repeat(auto-fill,minmax(,1fr));\n}\n.gallery-shortcode.gallery-masonry-shortcode-id-59290e6d0356db091483f37321667383:not(.resize-by-browser-width) .dt-css-grid .double-width {\n  grid-column: span 2;\n}\n.cssgridlegacy.no-cssgrid .gallery-shortcode.gallery-masonry-shortcode-id-59290e6d0356db091483f37321667383:not(.resize-by-browser-width) .dt-css-grid,\n.no-cssgridlegacy.no-cssgrid .gallery-shortcode.gallery-masonry-shortcode-id-59290e6d0356db091483f37321667383:not(.resize-by-browser-width) .dt-css-grid {\n  display: flex;\n  flex-flow: row wrap;\n  margin: -5px;\n}\n.cssgridlegacy.no-cssgrid .gallery-shortcode.gallery-masonry-shortcode-id-59290e6d0356db091483f37321667383:not(.resize-by-browser-width) .dt-css-grid .wf-cell,\n.no-cssgridlegacy.no-cssgrid .gallery-shortcode.gallery-masonry-shortcode-id-59290e6d0356db091483f37321667383:not(.resize-by-browser-width) .dt-css-grid .wf-cell {\n  flex: 1 0 ;\n  max-width: 100%;\n  padding: 5px;\n  box-sizing: border-box;\n}\n.gallery-shortcode.gallery-masonry-shortcode-id-59290e6d0356db091483f37321667383.resize-by-browser-width .dt-css-grid {\n  grid-template-columns: repeat(3,1fr);\n  grid-template-rows: auto;\n  grid-column-gap: 10px;\n  grid-row-gap: 10px;\n}\n.gallery-shortcode.gallery-masonry-shortcode-id-59290e6d0356db091483f37321667383.resize-by-browser-width .dt-css-grid .double-width {\n  grid-column: span 2;\n}\n.cssgridlegacy.no-cssgrid .gallery-shortcode.gallery-masonry-shortcode-id-59290e6d0356db091483f37321667383.resize-by-browser-width .dt-css-grid {\n  margin: -5px;\n}\n.cssgridlegacy.no-cssgrid .gallery-shortcode.gallery-masonry-shortcode-id-59290e6d0356db091483f37321667383.resize-by-browser-width .dt-css-grid .wf-cell {\n  width: 33.333333333333%;\n  padding: 5px;\n}\n.cssgridlegacy.no-cssgrid .gallery-shortcode.gallery-masonry-shortcode-id-59290e6d0356db091483f37321667383.resize-by-browser-width .dt-css-grid .wf-cell.double-width {\n  width: calc(33.333333333333%) * 2;\n}\n.gallery-shortcode.gallery-masonry-shortcode-id-59290e6d0356db091483f37321667383.resize-by-browser-width:not(.centered-layout-list):not(.content-bg-on) .dt-css-grid {\n  grid-row-gap: 10px - ;\n}\n@media screen and (max-width: 1199px) {\n  .gallery-shortcode.gallery-masonry-shortcode-id-59290e6d0356db091483f37321667383.resize-by-browser-width .dt-css-grid {\n    grid-template-columns: repeat(3,1fr);\n  }\n  .cssgridlegacy.no-cssgrid .gallery-shortcode.gallery-masonry-shortcode-id-59290e6d0356db091483f37321667383.resize-by-browser-width .dt-css-grid .wf-cell,\n  .no-cssgridlegacy.no-cssgrid .gallery-shortcode.gallery-masonry-shortcode-id-59290e6d0356db091483f37321667383.resize-by-browser-width .dt-css-grid .wf-cell {\n    width: 33.333333333333%;\n  }\n  .cssgridlegacy.no-cssgrid .gallery-shortcode.gallery-masonry-shortcode-id-59290e6d0356db091483f37321667383.resize-by-browser-width .dt-css-grid .wf-cell.double-width,\n  .no-cssgridlegacy.no-cssgrid .gallery-shortcode.gallery-masonry-shortcode-id-59290e6d0356db091483f37321667383.resize-by-browser-width .dt-css-grid .wf-cell.double-width {\n    width: calc(33.333333333333%)*2;\n  }\n}\n@media screen and (max-width: 991px) {\n  .gallery-shortcode.gallery-masonry-shortcode-id-59290e6d0356db091483f37321667383.resize-by-browser-width .dt-css-grid {\n    grid-template-columns: repeat(3,1fr);\n  }\n  .cssgridlegacy.no-cssgrid .gallery-shortcode.gallery-masonry-shortcode-id-59290e6d0356db091483f37321667383.resize-by-browser-width .dt-css-grid .wf-cell,\n  .no-cssgridlegacy.no-cssgrid .gallery-shortcode.gallery-masonry-shortcode-id-59290e6d0356db091483f37321667383.resize-by-browser-width .dt-css-grid .wf-cell {\n    width: 33.333333333333%;\n  }\n  .cssgridlegacy.no-cssgrid .gallery-shortcode.gallery-masonry-shortcode-id-59290e6d0356db091483f37321667383.resize-by-browser-width .dt-css-grid .wf-cell.double-width,\n  .no-cssgridlegacy.no-cssgrid .gallery-shortcode.gallery-masonry-shortcode-id-59290e6d0356db091483f37321667383.resize-by-browser-width .dt-css-grid .wf-cell.double-width {\n    width: calc(33.333333333333%)*2;\n  }\n}\n@media screen and (max-width: 767px) {\n  .gallery-shortcode.gallery-masonry-shortcode-id-59290e6d0356db091483f37321667383.resize-by-browser-width .dt-css-grid {\n    grid-template-columns: repeat(3,1fr);\n  }\n  .cssgridlegacy.no-cssgrid .gallery-shortcode.gallery-masonry-shortcode-id-59290e6d0356db091483f37321667383.resize-by-browser-width .dt-css-grid .wf-cell,\n  .no-cssgridlegacy.no-cssgrid .gallery-shortcode.gallery-masonry-shortcode-id-59290e6d0356db091483f37321667383.resize-by-browser-width .dt-css-grid .wf-cell {\n    width: 33.333333333333%;\n  }\n  .cssgridlegacy.no-cssgrid .gallery-shortcode.gallery-masonry-shortcode-id-59290e6d0356db091483f37321667383.resize-by-browser-width .dt-css-grid .wf-cell.double-width,\n  .no-cssgridlegacy.no-cssgrid .gallery-shortcode.gallery-masonry-shortcode-id-59290e6d0356db091483f37321667383.resize-by-browser-width .dt-css-grid .wf-cell.double-width {\n    width: calc(33.333333333333%)*2;\n  }\n}<\/style><div class=\"gallery-shortcode dt-gallery-container gallery-masonry-shortcode-id-59290e6d0356db091483f37321667383 mode-grid jquery-filter dt-icon-bg-off quick-scale-img dt-css-grid-wrap enable-bg-rollover resize-by-browser-width  hover-fade loading-effect-fade-in description-on-hover\" data-padding=\"5px\" data-cur-page=\"1\" data-post-limit=\"-1\" data-pagination-mode=\"none\" data-desktop-columns-num=\"3\" data-v-tablet-columns-num=\"3\" data-h-tablet-columns-num=\"3\" data-phone-columns-num=\"3\" data-width=\"0px\" data-columns=\"0\"><div class=\"dt-css-grid\" ><div class=\"wf-cell\" data-post-id=\"1722\" data-date=\"2021-04-02T16:54:59+02:00\" data-name=\"guest-room3\"><figure class=\"post visible\"><a href=\"https:\/\/hertzrecording.com\/wp-content\/uploads\/2021\/04\/guest-room3-e1619529430352.jpg\" class=\"rollover dt-pswp-item layzr-bg\" data-large_image_width=\"511\" data-large_image_height=\"340\" data-dt-img-description=\"\" title=\"guest-room3\"><img fetchpriority=\"high\" decoding=\"async\" class=\"preload-me iso-lazy-load aspect\" src=\"data:image\/svg+xml,%3Csvg%20xmlns%3D&#39;http%3A%2F%2Fwww.w3.org%2F2000%2Fsvg&#39;%20viewBox%3D&#39;0%200%20323%20215&#39;%2F%3E\" data-src=\"https:\/\/hertzrecording.com\/wp-content\/uploads\/2021\/04\/guest-room3-e1619529430352-323x215.jpg\" data-srcset=\"https:\/\/hertzrecording.com\/wp-content\/uploads\/2021\/04\/guest-room3-e1619529430352-323x215.jpg 323w, https:\/\/hertzrecording.com\/wp-content\/uploads\/2021\/04\/guest-room3-e1619529430352-485x323.jpg 485w\" loading=\"eager\" style=\"--ratio: 323 \/ 215\" sizes=\"(max-width: 323px) 100vw, 323px\" alt=\"\" width=\"323\" height=\"215\"  \/><span class=\"gallery-rollover\"><span class=\"gallery-zoom-ico icomoon-the7-font-the7-expand-04\"><span><\/span><\/span><\/span><\/a><\/figure><\/div><div class=\"wf-cell\" data-post-id=\"1721\" data-date=\"2021-04-02T16:54:59+02:00\" data-name=\"guest-room2\"><figure class=\"post visible\"><a href=\"https:\/\/hertzrecording.com\/wp-content\/uploads\/2021\/04\/guest-room2.jpg\" class=\"rollover dt-pswp-item layzr-bg\" data-large_image_width=\"658\" data-large_image_height=\"439\" data-dt-img-description=\"\" title=\"guest-room2\"><img decoding=\"async\" class=\"preload-me iso-lazy-load aspect\" src=\"data:image\/svg+xml,%3Csvg%20xmlns%3D&#39;http%3A%2F%2Fwww.w3.org%2F2000%2Fsvg&#39;%20viewBox%3D&#39;0%200%20323%20215&#39;%2F%3E\" data-src=\"https:\/\/hertzrecording.com\/wp-content\/uploads\/2021\/04\/guest-room2-323x215.jpg\" data-srcset=\"https:\/\/hertzrecording.com\/wp-content\/uploads\/2021\/04\/guest-room2-323x215.jpg 323w, https:\/\/hertzrecording.com\/wp-content\/uploads\/2021\/04\/guest-room2-485x323.jpg 485w\" loading=\"eager\" style=\"--ratio: 323 \/ 215\" sizes=\"(max-width: 323px) 100vw, 323px\" alt=\"\" width=\"323\" height=\"215\"  \/><span class=\"gallery-rollover\"><span class=\"gallery-zoom-ico icomoon-the7-font-the7-expand-04\"><span><\/span><\/span><\/span><\/a><\/figure><\/div><div class=\"wf-cell\" data-post-id=\"1720\" data-date=\"2021-04-02T16:54:58+02:00\" data-name=\"guest-room1\"><figure class=\"post visible\"><a href=\"https:\/\/hertzrecording.com\/wp-content\/uploads\/2021\/04\/guest-room1.jpg\" class=\"rollover dt-pswp-item layzr-bg\" data-large_image_width=\"658\" data-large_image_height=\"439\" data-dt-img-description=\"\" title=\"guest-room1\"><img decoding=\"async\" class=\"preload-me iso-lazy-load aspect\" src=\"data:image\/svg+xml,%3Csvg%20xmlns%3D&#39;http%3A%2F%2Fwww.w3.org%2F2000%2Fsvg&#39;%20viewBox%3D&#39;0%200%20323%20215&#39;%2F%3E\" data-src=\"https:\/\/hertzrecording.com\/wp-content\/uploads\/2021\/04\/guest-room1-323x215.jpg\" data-srcset=\"https:\/\/hertzrecording.com\/wp-content\/uploads\/2021\/04\/guest-room1-323x215.jpg 323w, https:\/\/hertzrecording.com\/wp-content\/uploads\/2021\/04\/guest-room1-485x323.jpg 485w\" loading=\"eager\" style=\"--ratio: 323 \/ 215\" sizes=\"(max-width: 323px) 100vw, 323px\" alt=\"\" width=\"323\" height=\"215\"  \/><span class=\"gallery-rollover\"><span class=\"gallery-zoom-ico icomoon-the7-font-the7-expand-04\"><span><\/span><\/span><\/span><\/a><\/figure><\/div><\/div><!-- iso-container|iso-grid --><\/div>[\/vc_column_inner][\/vc_row_inner][\/vc_column][\/vc_row]<\/p>\n<\/div>","protected":false},"excerpt":{"rendered":"<p>[vc_row css=&#8221;.vc_custom_1620063595063{margin-top: 25px !important;}&#8221;][vc_column][vc_row_inner equal_height=&#8221;yes&#8221; gap=&#8221;2&#8243;][vc_column_inner width=&#8221;1\/3&#8243; css=&#8221;.vc_custom_1620063628182{background-color: #f2f2f2 !important;}&#8221;][vc_empty_space height=&#8221;250&#8243; css=&#8221;.vc_custom_1620063854737{background-image: url(https:\/\/hertzrecording.com\/wp-content\/uploads\/2021\/04\/mixing-photo-box.jpg?id=346) !important;background-position: center !important;background-repeat: no-repeat !important;background-size: cover !important;}&#8221;][vc_column_text css=&#8221;.vc_custom_1769545676495{padding-top: 25px !important;padding-right: 25px !important;padding-left: 25px !important;}&#8221;] MIXING W Hertz Recording Studio \/ Wies\u0142awski Studio rozumiemy, \u017ce ka\u017cdy projekt r\u00f3\u017cni si\u0119 od nast\u0119pnego; skontaktuj si\u0119, podaj\u0105c konkretne wymagania, a my przedstawimy ofert\u0119, kt\u00f3ra b\u0119dzie odpowiada\u0107&hellip;<\/p>\n","protected":false},"author":4,"featured_media":0,"parent":0,"menu_order":0,"comment_status":"closed","ping_status":"closed","template":"","meta":{"footnotes":""},"class_list":["post-2960","page","type-page","status-publish","hentry","description-off"],"_links":{"self":[{"href":"https:\/\/hertzrecording.com\/pl\/wp-json\/wp\/v2\/pages\/2960","targetHints":{"allow":["GET"]}}],"collection":[{"href":"https:\/\/hertzrecording.com\/pl\/wp-json\/wp\/v2\/pages"}],"about":[{"href":"https:\/\/hertzrecording.com\/pl\/wp-json\/wp\/v2\/types\/page"}],"author":[{"embeddable":true,"href":"https:\/\/hertzrecording.com\/pl\/wp-json\/wp\/v2\/users\/4"}],"replies":[{"embeddable":true,"href":"https:\/\/hertzrecording.com\/pl\/wp-json\/wp\/v2\/comments?post=2960"}],"version-history":[{"count":23,"href":"https:\/\/hertzrecording.com\/pl\/wp-json\/wp\/v2\/pages\/2960\/revisions"}],"predecessor-version":[{"id":4529,"href":"https:\/\/hertzrecording.com\/pl\/wp-json\/wp\/v2\/pages\/2960\/revisions\/4529"}],"wp:attachment":[{"href":"https:\/\/hertzrecording.com\/pl\/wp-json\/wp\/v2\/media?parent=2960"}],"curies":[{"name":"wp","href":"https:\/\/api.w.org\/{rel}","templated":true}]}}