{"id":2956,"date":"2021-05-13T14:03:39","date_gmt":"2021-05-13T12:03:39","guid":{"rendered":"https:\/\/hertzrecording.com\/mastering\/"},"modified":"2026-02-03T15:48:03","modified_gmt":"2026-02-03T13:48:03","slug":"mastering","status":"publish","type":"page","link":"https:\/\/hertzrecording.com\/pl\/mastering\/","title":{"rendered":"Mastering"},"content":{"rendered":"<div class=\"wpb-content-wrapper\"><p>[vc_row][vc_column][vc_column_text css_animation=&#8221;fadeIn&#8221; css=&#8221;.vc_custom_1620143959348{margin-top: 50px !important;}&#8221;]<\/p>\n<p style=\"text-align: center;\">Je\u015bli tu jeste\u015b, to oznacza, \u017ce najprawdopodobniej masz ju\u017c nagranie i nadszed\u0142 czas na ostatni etap produkcji \u2013 mastering.<\/p>\n<p><\/p>\n<p style=\"text-align: center;\">Wykorzystuj\u0105c nasze du\u017ce do\u015bwiadczenie i sprz\u0119t sprawimy, \u017ce Twoja muzyka b\u0119dzie brzmia\u0142a \u015bwietnie,<strong>\u00a0niezale\u017cnie od \u017ar\u00f3d\u0142a odtwarzania<\/strong>. Dzi\u0119ki po\u0142\u0105czeniu urz\u0105dze\u0144 analogowych i cyfrowych uzyskamy mo\u017cliwie najwy\u017cszej jako\u015bci d\u017awi\u0119k dla Twojego miksu. W dobie powrotu do brzmie\u0144 analogowych (za spraw\u0105 vinyla) mo\u017cemy te\u017c wykona\u0107 mastering bez u\u017cycia urz\u0105dze\u0144 cyfrowych. Nasze masteringi wgrywany na magnetofon szpulowy aby uzyska\u0107 ciep\u0142y efekt saturacji ta\u015bmy.<\/p>\n<p>[\/vc_column_text][vc_column_text css_animation=&#8221;fadeIn&#8221;]<\/p>\n<blockquote>\n<blockquote>\n<p style=\"text-align: center;\"><em>\u201c\u2026.The guys are great, talented (great ears) and patient with their clients. The results speak for themselves when it comes to metal!\u201d\u00a0<\/em><\/p>\n<\/blockquote>\n<p><\/p>\n<p style=\"text-align: center;\"><em>\u2013 Rami<strong>\u00a0 NERVECELL<\/strong><\/em><\/p>\n<p><\/p><\/blockquote>\n<p>[\/vc_column_text][\/vc_column][\/vc_row][vc_row full_width=&#8221;stretch_row_content_no_spaces&#8221; equal_height=&#8221;yes&#8221; css=&#8221;.vc_custom_1619451264446{border-bottom-width: 50px !important;padding-bottom: 50px !important;}&#8221;][vc_column parallax=&#8221;content-moving&#8221; parallax_image=&#8221;147&#8243; width=&#8221;1\/3&#8243;][\/vc_column][vc_column width=&#8221;1\/3&#8243; css=&#8221;.vc_custom_1620144145426{padding-right: 30px !important;padding-left: 30px !important;background-color: #efefef !important;}&#8221;][vc_column_text css=&#8221;.vc_custom_1620144334921{margin-top: 25px !important;}&#8221;]<\/p>\n<h3 style=\"text-align: center;\"><span style=\"color: #931a24;\">Zanim wy\u015blesz mi swoje nagrania \/ kilka wskaz\u00f3wek<\/span><\/h3>\n<p>[\/vc_column_text][vc_row_inner][vc_column_inner]<div class=\"smile_icon_list_wrap ult_info_list_container ult-adjust-bottom-margin  \"><ul class=\"smile_icon_list left square with_bg\"><li class=\"icon_list_item\" style=\" font-size:12px;\"><div class=\"icon_list_icon\" data-animation=\"\" data-animation-delay=\"03\" style=\"font-size:4px;border-width:1px;border-style:none;background:rgba(255,255,255,0.01);color:#333333;border-color:#333333;\"><img decoding=\"async\" class=\"list-img-icon\" alt=\"null\" src=\"https:\/\/hertzrecording.com\/wp-content\/uploads\/2021\/05\/icon-music-54x54-1.png\"\/><\/div><div class=\"icon_description\" id=\"Info-list-wrap-1607\" style=\"font-size:4px;\"><div class=\"icon_description_text ult-responsive\"  data-ultimate-target='#Info-list-wrap-1607 .icon_description_text'  data-responsive-json-new='{\"font-size\":\"desktop:16px;\",\"line-height\":\"desktop:18px;\"}'  style=\"\"><p style=\"text-align: left;\">Je\u015bli masz jakie\u015b konkretne preferencje co do masteringu, prosz\u0119 daj zna\u0107, zanim zaczn\u0119 prac\u0119 (np. fade in, out, lista utwor\u00f3w, ko\u0144cowe tytu\u0142y utwor\u00f3w na p\u0142ycie CD, itp).<\/p>\n<\/div><\/div><div class=\"icon_list_connector\"  style=\"border-right-width: 0px;border-right-style: dashed;border-color: #333333;\"><\/div><\/li><li class=\"icon_list_item\" style=\" font-size:12px;\"><div class=\"icon_list_icon\" data-animation=\"\" data-animation-delay=\"03\" style=\"font-size:4px;border-width:1px;border-style:none;background:rgba(255,255,255,0.01);color:#333333;border-color:#333333;\"><img decoding=\"async\" class=\"list-img-icon\" alt=\"null\" src=\"https:\/\/hertzrecording.com\/wp-content\/uploads\/2021\/05\/icon-music-54x54-1.png\"\/><\/div><div class=\"icon_description\" id=\"Info-list-wrap-4089\" style=\"font-size:4px;\"><div class=\"icon_description_text ult-responsive\"  data-ultimate-target='#Info-list-wrap-4089 .icon_description_text'  data-responsive-json-new='{\"font-size\":\"desktop:16px;\",\"line-height\":\"desktop:18px;\"}'  style=\"\"><p style=\"text-align: left;\">Prosz\u0119 upewnij si\u0119, \u017ce pliki do masteringu s\u0105 wolne od jakichkolwiek master limiter\u00f3w\/kompresor\u00f3w itd, kt\u00f3re nie powinny by\u0107 cz\u0119\u015bci\u0105 miksu.<\/p>\n<\/div><\/div><div class=\"icon_list_connector\"  style=\"border-right-width: 0px;border-right-style: dashed;border-color: #333333;\"><\/div><\/li><li class=\"icon_list_item\" style=\" font-size:12px;\"><div class=\"icon_list_icon\" data-animation=\"\" data-animation-delay=\"03\" style=\"font-size:4px;border-width:1px;border-style:none;background:rgba(255,255,255,0.01);color:#333333;border-color:#333333;\"><img decoding=\"async\" class=\"list-img-icon\" alt=\"null\" src=\"https:\/\/hertzrecording.com\/wp-content\/uploads\/2021\/05\/icon-music-54x54-1.png\"\/><\/div><div class=\"icon_description\" id=\"Info-list-wrap-4406\" style=\"font-size:4px;\"><div class=\"icon_description_text ult-responsive\"  data-ultimate-target='#Info-list-wrap-4406 .icon_description_text'  data-responsive-json-new='{\"font-size\":\"desktop:16px;\",\"line-height\":\"desktop:18px;\"}'  style=\"\"><p style=\"text-align: left;\">Spr\u00f3buj unikn\u0105\u0107 przesterowania cyfrowego.<\/p>\n<\/div><\/div><div class=\"icon_list_connector\"  style=\"border-right-width: 0px;border-right-style: dashed;border-color: #333333;\"><\/div><\/li><li class=\"icon_list_item\" style=\" font-size:12px;\"><div class=\"icon_list_icon\" data-animation=\"\" data-animation-delay=\"03\" style=\"font-size:4px;border-width:1px;border-style:none;background:rgba(255,255,255,0.01);color:#333333;border-color:#333333;\"><img decoding=\"async\" class=\"list-img-icon\" alt=\"null\" src=\"https:\/\/hertzrecording.com\/wp-content\/uploads\/2021\/05\/icon-music-54x54-1.png\"\/><\/div><div class=\"icon_description\" id=\"Info-list-wrap-8438\" style=\"font-size:4px;\"><div class=\"icon_description_text ult-responsive\"  data-ultimate-target='#Info-list-wrap-8438 .icon_description_text'  data-responsive-json-new='{\"font-size\":\"desktop:16px;\",\"line-height\":\"desktop:18px;\"}'  style=\"\"><p style=\"text-align: left;\">Obs\u0142uguj\u0119 dowolne formaty plik\u00f3w<br \/>\nWAV lub AIFF.<\/p>\n<\/div><\/div><div class=\"icon_list_connector\"  style=\"border-right-width: 0px;border-right-style: dashed;border-color: #333333;\"><\/div><\/li><li class=\"icon_list_item\" style=\" font-size:12px;\"><div class=\"icon_list_icon\" data-animation=\"\" data-animation-delay=\"03\" style=\"font-size:4px;border-width:1px;border-style:none;background:rgba(255,255,255,0.01);color:#333333;border-color:#333333;\"><img decoding=\"async\" class=\"list-img-icon\" alt=\"null\" src=\"https:\/\/hertzrecording.com\/wp-content\/uploads\/2021\/05\/icon-music-54x54-1.png\"\/><\/div><div class=\"icon_description\" id=\"Info-list-wrap-8062\" style=\"font-size:4px;\"><div class=\"icon_description_text ult-responsive\"  data-ultimate-target='#Info-list-wrap-8062 .icon_description_text'  data-responsive-json-new='{\"font-size\":\"desktop:16px;\",\"line-height\":\"desktop:18px;\"}'  style=\"\"><p style=\"text-align: left;\">Nie konwertuj swoich miks\u00f3w \u2013 po prostu prze\u015blij.<\/p>\n<\/div><\/div><div class=\"icon_list_connector\"  style=\"border-right-width: 0px;border-right-style: dashed;border-color: #333333;\"><\/div><\/li><li class=\"icon_list_item\" style=\" font-size:12px;\"><div class=\"icon_list_icon\" data-animation=\"\" data-animation-delay=\"03\" style=\"font-size:4px;border-width:1px;border-style:none;background:rgba(255,255,255,0.01);color:#333333;border-color:#333333;\"><img decoding=\"async\" class=\"list-img-icon\" alt=\"null\" src=\"https:\/\/hertzrecording.com\/wp-content\/uploads\/2021\/05\/icon-music-54x54-1.png\"\/><\/div><div class=\"icon_description\" id=\"Info-list-wrap-4308\" style=\"font-size:4px;\"><div class=\"icon_description_text ult-responsive\"  data-ultimate-target='#Info-list-wrap-4308 .icon_description_text'  data-responsive-json-new='{\"font-size\":\"desktop:16px;\",\"line-height\":\"desktop:18px;\"}'  style=\"\"><p style=\"text-align: left;\">Je\u015bli przesy\u0142asz mixdowns wielu instrument\u00f3w (stem), upewnij si\u0119 \u017ce zamie\u015bci\u0142e\u015b te\u017c referencyjny mix swojego materia\u0142u. Nale\u017cy r\u00f3wnie\u017c sprawdzi\u0107, czy suma dostarczonych stems rzeczywi\u015bcie brzmi jak referencyjny mix.<\/p>\n<\/div><\/div><div class=\"icon_list_connector\"  style=\"border-right-width: 0px;border-right-style: dashed;border-color: #333333;\"><\/div><\/li><\/ul><\/div>[\/vc_column_inner][\/vc_row_inner][\/vc_column][vc_column parallax=&#8221;content-moving&#8221; parallax_image=&#8221;147&#8243; width=&#8221;1\/3&#8243;][\/vc_column][\/vc_row][vc_row][vc_column][vc_single_image image=&#8221;1743&#8243; img_size=&#8221;full&#8221; alignment=&#8221;center&#8221;][vc_column_text]<\/p>\n<h3 style=\"text-align: center;\"><span style=\"color: #931a24;\">MASTERING DLA iTUNES (MFiT)<\/span><\/h3>\n<p><\/p>\n<p style=\"text-align: center;\">Posiadam certyfikat Apple na mastering dla iTunes (MfiT). Poza tradycyjnym masteringiem p\u0142yt CD i cyfrow\u0105 obr\u00f3bk\u0105, na \u017cyczenie klienta mog\u0119 przygotowa\u0107 wysokiej jako\u015bci nagrania wymagane przez iTunes.<\/p>\n<p>[\/vc_column_text][\/vc_column][\/vc_row][vc_row css=&#8221;.vc_custom_1619444047188{margin-bottom: 50px !important;}&#8221;][vc_column][vc_single_image image=&#8221;1744&#8243; img_size=&#8221;full&#8221; alignment=&#8221;center&#8221;][vc_column_text]<\/p>\n<h3 style=\"text-align: center;\"><span style=\"color: #931a24;\">VINYL MASTERING<\/span><\/h3>\n<p><\/p>\n<p style=\"text-align: center;\">P\u0142yty winylowe obecnie prze\u017cywaj\u0105 sw\u00f3j renesans.<\/p>\n<p><\/p>\n<p style=\"text-align: center;\">Je\u017celi chcesz wyda\u0107 swoj\u0105 muzyk\u0119 na tym no\u015bniku, przygotuj\u0119 specjaln\u0105 wersj\u0119 masteringu dla p\u0142yt winylowych i zapewni\u0119 optymaln\u0105 dynamik\u0119 nagrania.<\/p>\n<p><\/p>\n<p style=\"text-align: center;\">Na specjalne \u017cyczenie mog\u0119 wykona\u0107 mastering w spos\u00f3b ca\u0142kowicie analogowy<\/p>\n<p>[\/vc_column_text][\/vc_column][\/vc_row]<\/p>\n<\/div>","protected":false},"excerpt":{"rendered":"<p>[vc_row][vc_column][vc_column_text css_animation=&#8221;fadeIn&#8221; css=&#8221;.vc_custom_1620143959348{margin-top: 50px !important;}&#8221;] Je\u015bli tu jeste\u015b, to oznacza, \u017ce najprawdopodobniej masz ju\u017c nagranie i nadszed\u0142 czas na ostatni etap produkcji \u2013 mastering. Wykorzystuj\u0105c nasze du\u017ce do\u015bwiadczenie i sprz\u0119t sprawimy, \u017ce Twoja muzyka b\u0119dzie brzmia\u0142a \u015bwietnie,\u00a0niezale\u017cnie od \u017ar\u00f3d\u0142a odtwarzania. Dzi\u0119ki po\u0142\u0105czeniu urz\u0105dze\u0144 analogowych i cyfrowych uzyskamy mo\u017cliwie najwy\u017cszej jako\u015bci d\u017awi\u0119k dla Twojego miksu. W&hellip;<\/p>\n","protected":false},"author":4,"featured_media":0,"parent":0,"menu_order":0,"comment_status":"closed","ping_status":"closed","template":"","meta":{"footnotes":""},"class_list":["post-2956","page","type-page","status-publish","hentry","description-off"],"_links":{"self":[{"href":"https:\/\/hertzrecording.com\/pl\/wp-json\/wp\/v2\/pages\/2956","targetHints":{"allow":["GET"]}}],"collection":[{"href":"https:\/\/hertzrecording.com\/pl\/wp-json\/wp\/v2\/pages"}],"about":[{"href":"https:\/\/hertzrecording.com\/pl\/wp-json\/wp\/v2\/types\/page"}],"author":[{"embeddable":true,"href":"https:\/\/hertzrecording.com\/pl\/wp-json\/wp\/v2\/users\/4"}],"replies":[{"embeddable":true,"href":"https:\/\/hertzrecording.com\/pl\/wp-json\/wp\/v2\/comments?post=2956"}],"version-history":[{"count":17,"href":"https:\/\/hertzrecording.com\/pl\/wp-json\/wp\/v2\/pages\/2956\/revisions"}],"predecessor-version":[{"id":4509,"href":"https:\/\/hertzrecording.com\/pl\/wp-json\/wp\/v2\/pages\/2956\/revisions\/4509"}],"wp:attachment":[{"href":"https:\/\/hertzrecording.com\/pl\/wp-json\/wp\/v2\/media?parent=2956"}],"curies":[{"name":"wp","href":"https:\/\/api.w.org\/{rel}","templated":true}]}}